{"id":14416,"date":"2026-03-07T03:35:23","date_gmt":"2026-03-07T03:35:23","guid":{"rendered":"https:\/\/uniquedomains.shop\/?post_type=product&#038;p=14416"},"modified":"2026-03-07T03:54:49","modified_gmt":"2026-03-07T03:54:49","slug":"professional-hair-clipper-shaver-kit-1-box-wireless-rechargeable-hair-trimmer-accessories-great-gifts-for-father-husband-and-boyfriend","status":"publish","type":"product","link":"https:\/\/uniquedomains.shop\/de\/produkt\/professional-hair-clipper-shaver-kit-1-box-wireless-rechargeable-hair-trimmer-accessories-great-gifts-for-father-husband-and-boyfriend\/","title":{"rendered":"Professioneller Haarschneider &amp; Rasierer, 1 Box Kabelloser wiederaufladbarer Haartrimmer &amp; Zubeh\u00f6r, Tolle Geschenke f\u00fcr Vater, Ehemann und Freund"},"content":{"rendered":"<div data-elementor-type=\"product-post\" data-elementor-id=\"14416\" class=\"elementor elementor-14416\" data-elementor-post-type=\"product\">\n\t\t\t\t<div class=\"elementor-element elementor-element-6159b4e5 e-flex e-con-boxed e-con e-parent\" data-id=\"6159b4e5\" data-element_type=\"container\" data-settings=\"{&quot;ekit_has_onepagescroll_dot&quot;:&quot;yes&quot;}\">\n\t\t\t\t\t<div class=\"e-con-inner\">\n\t\t\t\t<div class=\"elementor-element elementor-element-66c5694f elementor-widget elementor-widget-text-editor\" data-id=\"66c5694f\" data-element_type=\"widget\" data-settings=\"{&quot;ekit_we_effect_on&quot;:&quot;none&quot;}\" data-widget_type=\"text-editor.default\">\n\t\t\t\t<div class=\"elementor-widget-container\">\n\t\t\t\t\t\t\t\t\t<p>Stilvoll und vielseitig: Diese Haarschneider sind mit verstellbaren Klingen ausgestattet, die ein pr\u00e4zises Schneiden und scharfe, saubere Kanten erm\u00f6glichen\uff1b gebaut, um den Anforderungen des regelm\u00e4\u00dfigen Salongebrauchs und des Heimgebrauchs standzuhalten und eine langfristige Zuverl\u00e4ssigkeit und Leistung zu gew\u00e4hrleisten;Ihr schlankes Design sieht nicht nur professionell aus, sondern bietet auch Funktionalit\u00e4t und Benutzerfreundlichkeit; das einzigartige Au\u00dfendesign ist stilvoll und einzigartig USB Cordless Hair Trimmer: Kann \u00fcber USB aufgeladen werden, ein Knopfdruckschalter, LED-Licht zeigt die verbleibende Akkuleistung und den Ladestatus an und erinnert Sie rechtzeitig an das Aufladen, Haarschneider laden 3 Stunden auf, Nutzungszeit 240 Minuten, Haartrimmer laden 2 Stunden auf, um 120 Minuten Trimmen zu genie\u00dfen.Rasierer laden 1,5 Stunden auf, um 80 Minuten Trimmen zu genie\u00dfen, um sicherzustellen, dass Sie die richtige Geschwindigkeit verwenden und wissen, wann Sie aufladen m\u00fcssen. Umfassendes Zubeh\u00f6r: Dieses Barttrimmer-Set f\u00fcr M\u00e4nner enth\u00e4lt 8 Aufsteckkamm-Schneidef\u00fchrungen f\u00fcr verschiedene Haarl\u00e4ngen und -stile, eine Reinigungsb\u00fcrste f\u00fcr die einfache Wartung, Klingenabdeckungen zum Schutz der Klingen, eine Aufbewahrungstasche f\u00fcr den organisierten Transport, einen gro\u00dfen Barbierumhang f\u00fcr saubere Pflege und sowohl DC- als auch USB-Ladekabel f\u00fcr vielseitige Ladeoptionen.<\/p>\t\t\t\t\t\t\t\t<\/div>\n\t\t\t\t<\/div>\n\t\t\t\t<div class=\"elementor-element elementor-element-7d3105a8 elementor-widget elementor-widget-image\" data-id=\"7d3105a8\" data-element_type=\"widget\" data-settings=\"{&quot;ekit_we_effect_on&quot;:&quot;none&quot;}\" data-widget_type=\"image.default\">\n\t\t\t\t<div class=\"elementor-widget-container\">\n\t\t\t\t\t\t\t\t\t\t\t\t\t\t\t<img loading=\"lazy\" decoding=\"async\" width=\"977\" height=\"402\" src=\"https:\/\/uniquedomains.shop\/wp-content\/uploads\/2026\/03\/20260111210536737230636.jpg\" class=\"attachment-full size-full wp-image-14432 wvs-archive-product-image\" alt=\"\" srcset=\"https:\/\/uniquedomains.shop\/wp-content\/uploads\/2026\/03\/20260111210536737230636.jpg 977w, https:\/\/uniquedomains.shop\/wp-content\/uploads\/2026\/03\/20260111210536737230636-300x123.jpg 300w, https:\/\/uniquedomains.shop\/wp-content\/uploads\/2026\/03\/20260111210536737230636-768x316.jpg 768w, https:\/\/uniquedomains.shop\/wp-content\/uploads\/2026\/03\/20260111210536737230636-18x7.jpg 18w, https:\/\/uniquedomains.shop\/wp-content\/uploads\/2026\/03\/20260111210536737230636-600x247.jpg 600w, https:\/\/uniquedomains.shop\/wp-content\/uploads\/2026\/03\/20260111210536737230636-1x1.jpg 1w, https:\/\/uniquedomains.shop\/wp-content\/uploads\/2026\/03\/20260111210536737230636-10x4.jpg 10w\" sizes=\"auto, (max-width: 977px) 100vw, 977px\" \/>\t\t\t\t\t\t\t\t\t\t\t\t\t\t\t<\/div>\n\t\t\t\t<\/div>\n\t\t\t\t<div class=\"elementor-element elementor-element-4db818cd elementor-widget elementor-widget-image\" data-id=\"4db818cd\" data-element_type=\"widget\" data-settings=\"{&quot;ekit_we_effect_on&quot;:&quot;none&quot;}\" data-widget_type=\"image.default\">\n\t\t\t\t<div class=\"elementor-widget-container\">\n\t\t\t\t\t\t\t\t\t\t\t\t\t\t\t<img loading=\"lazy\" decoding=\"async\" width=\"977\" height=\"402\" src=\"https:\/\/uniquedomains.shop\/wp-content\/uploads\/2026\/03\/20260111210549973888653.jpg\" class=\"attachment-full size-full wp-image-14433 wvs-archive-product-image\" alt=\"\" srcset=\"https:\/\/uniquedomains.shop\/wp-content\/uploads\/2026\/03\/20260111210549973888653.jpg 977w, https:\/\/uniquedomains.shop\/wp-content\/uploads\/2026\/03\/20260111210549973888653-300x123.jpg 300w, https:\/\/uniquedomains.shop\/wp-content\/uploads\/2026\/03\/20260111210549973888653-768x316.jpg 768w, https:\/\/uniquedomains.shop\/wp-content\/uploads\/2026\/03\/20260111210549973888653-18x7.jpg 18w, https:\/\/uniquedomains.shop\/wp-content\/uploads\/2026\/03\/20260111210549973888653-600x247.jpg 600w, https:\/\/uniquedomains.shop\/wp-content\/uploads\/2026\/03\/20260111210549973888653-1x1.jpg 1w, https:\/\/uniquedomains.shop\/wp-content\/uploads\/2026\/03\/20260111210549973888653-10x4.jpg 10w\" sizes=\"auto, (max-width: 977px) 100vw, 977px\" \/>\t\t\t\t\t\t\t\t\t\t\t\t\t\t\t<\/div>\n\t\t\t\t<\/div>\n\t\t\t\t<div class=\"elementor-element elementor-element-466ebbbd elementor-widget elementor-widget-image\" data-id=\"466ebbbd\" data-element_type=\"widget\" data-settings=\"{&quot;ekit_we_effect_on&quot;:&quot;none&quot;}\" data-widget_type=\"image.default\">\n\t\t\t\t<div class=\"elementor-widget-container\">\n\t\t\t\t\t\t\t\t\t\t\t\t\t\t\t<img loading=\"lazy\" decoding=\"async\" width=\"977\" height=\"402\" src=\"https:\/\/uniquedomains.shop\/wp-content\/uploads\/2026\/03\/202601112106031522620923.jpg\" class=\"attachment-full size-full wp-image-14434 wvs-archive-product-image\" alt=\"\" srcset=\"https:\/\/uniquedomains.shop\/wp-content\/uploads\/2026\/03\/202601112106031522620923.jpg 977w, https:\/\/uniquedomains.shop\/wp-content\/uploads\/2026\/03\/202601112106031522620923-300x123.jpg 300w, https:\/\/uniquedomains.shop\/wp-content\/uploads\/2026\/03\/202601112106031522620923-768x316.jpg 768w, https:\/\/uniquedomains.shop\/wp-content\/uploads\/2026\/03\/202601112106031522620923-18x7.jpg 18w, https:\/\/uniquedomains.shop\/wp-content\/uploads\/2026\/03\/202601112106031522620923-600x247.jpg 600w, https:\/\/uniquedomains.shop\/wp-content\/uploads\/2026\/03\/202601112106031522620923-1x1.jpg 1w, https:\/\/uniquedomains.shop\/wp-content\/uploads\/2026\/03\/202601112106031522620923-10x4.jpg 10w\" sizes=\"auto, (max-width: 977px) 100vw, 977px\" \/>\t\t\t\t\t\t\t\t\t\t\t\t\t\t\t<\/div>\n\t\t\t\t<\/div>\n\t\t\t\t<div class=\"elementor-element elementor-element-77786433 elementor-widget elementor-widget-image\" data-id=\"77786433\" data-element_type=\"widget\" data-settings=\"{&quot;ekit_we_effect_on&quot;:&quot;none&quot;}\" data-widget_type=\"image.default\">\n\t\t\t\t<div class=\"elementor-widget-container\">\n\t\t\t\t\t\t\t\t\t\t\t\t\t\t\t<img loading=\"lazy\" decoding=\"async\" width=\"977\" height=\"402\" src=\"https:\/\/uniquedomains.shop\/wp-content\/uploads\/2026\/03\/202601112106201960713462.jpg\" class=\"attachment-full size-full wp-image-14435 wvs-archive-product-image\" alt=\"\" srcset=\"https:\/\/uniquedomains.shop\/wp-content\/uploads\/2026\/03\/202601112106201960713462.jpg 977w, https:\/\/uniquedomains.shop\/wp-content\/uploads\/2026\/03\/202601112106201960713462-300x123.jpg 300w, https:\/\/uniquedomains.shop\/wp-content\/uploads\/2026\/03\/202601112106201960713462-768x316.jpg 768w, https:\/\/uniquedomains.shop\/wp-content\/uploads\/2026\/03\/202601112106201960713462-18x7.jpg 18w, https:\/\/uniquedomains.shop\/wp-content\/uploads\/2026\/03\/202601112106201960713462-600x247.jpg 600w, https:\/\/uniquedomains.shop\/wp-content\/uploads\/2026\/03\/202601112106201960713462-1x1.jpg 1w, https:\/\/uniquedomains.shop\/wp-content\/uploads\/2026\/03\/202601112106201960713462-10x4.jpg 10w\" sizes=\"auto, (max-width: 977px) 100vw, 977px\" \/>\t\t\t\t\t\t\t\t\t\t\t\t\t\t\t<\/div>\n\t\t\t\t<\/div>\n\t\t\t\t<div class=\"elementor-element elementor-element-453848c3 elementor-widget elementor-widget-image\" data-id=\"453848c3\" data-element_type=\"widget\" data-settings=\"{&quot;ekit_we_effect_on&quot;:&quot;none&quot;}\" data-widget_type=\"image.default\">\n\t\t\t\t<div class=\"elementor-widget-container\">\n\t\t\t\t\t\t\t\t\t\t\t\t\t\t\t<img loading=\"lazy\" decoding=\"async\" width=\"977\" height=\"402\" src=\"https:\/\/uniquedomains.shop\/wp-content\/uploads\/2026\/03\/202601112106331623633139.jpg\" class=\"attachment-full size-full wp-image-14436 wvs-archive-product-image\" alt=\"\" srcset=\"https:\/\/uniquedomains.shop\/wp-content\/uploads\/2026\/03\/202601112106331623633139.jpg 977w, https:\/\/uniquedomains.shop\/wp-content\/uploads\/2026\/03\/202601112106331623633139-300x123.jpg 300w, https:\/\/uniquedomains.shop\/wp-content\/uploads\/2026\/03\/202601112106331623633139-768x316.jpg 768w, https:\/\/uniquedomains.shop\/wp-content\/uploads\/2026\/03\/202601112106331623633139-18x7.jpg 18w, https:\/\/uniquedomains.shop\/wp-content\/uploads\/2026\/03\/202601112106331623633139-600x247.jpg 600w, https:\/\/uniquedomains.shop\/wp-content\/uploads\/2026\/03\/202601112106331623633139-1x1.jpg 1w, https:\/\/uniquedomains.shop\/wp-content\/uploads\/2026\/03\/202601112106331623633139-10x4.jpg 10w\" sizes=\"auto, (max-width: 977px) 100vw, 977px\" \/>\t\t\t\t\t\t\t\t\t\t\t\t\t\t\t<\/div>\n\t\t\t\t<\/div>\n\t\t\t\t<div class=\"elementor-element elementor-element-1e361588 elementor-widget elementor-widget-image\" data-id=\"1e361588\" data-element_type=\"widget\" data-settings=\"{&quot;ekit_we_effect_on&quot;:&quot;none&quot;}\" data-widget_type=\"image.default\">\n\t\t\t\t<div class=\"elementor-widget-container\">\n\t\t\t\t\t\t\t\t\t\t\t\t\t\t\t<img loading=\"lazy\" decoding=\"async\" width=\"977\" height=\"402\" src=\"https:\/\/uniquedomains.shop\/wp-content\/uploads\/2026\/03\/202601112106472104072878.jpg\" class=\"attachment-full size-full wp-image-14437 wvs-archive-product-image\" alt=\"\" srcset=\"https:\/\/uniquedomains.shop\/wp-content\/uploads\/2026\/03\/202601112106472104072878.jpg 977w, https:\/\/uniquedomains.shop\/wp-content\/uploads\/2026\/03\/202601112106472104072878-300x123.jpg 300w, https:\/\/uniquedomains.shop\/wp-content\/uploads\/2026\/03\/202601112106472104072878-768x316.jpg 768w, https:\/\/uniquedomains.shop\/wp-content\/uploads\/2026\/03\/202601112106472104072878-18x7.jpg 18w, https:\/\/uniquedomains.shop\/wp-content\/uploads\/2026\/03\/202601112106472104072878-600x247.jpg 600w, https:\/\/uniquedomains.shop\/wp-content\/uploads\/2026\/03\/202601112106472104072878-1x1.jpg 1w, https:\/\/uniquedomains.shop\/wp-content\/uploads\/2026\/03\/202601112106472104072878-10x4.jpg 10w\" sizes=\"auto, (max-width: 977px) 100vw, 977px\" \/>\t\t\t\t\t\t\t\t\t\t\t\t\t\t\t<\/div>\n\t\t\t\t<\/div>\n\t\t\t\t<div class=\"elementor-element elementor-element-3ebec80 elementor-widget elementor-widget-image\" data-id=\"3ebec80\" data-element_type=\"widget\" data-settings=\"{&quot;ekit_we_effect_on&quot;:&quot;none&quot;}\" data-widget_type=\"image.default\">\n\t\t\t\t<div class=\"elementor-widget-container\">\n\t\t\t\t\t\t\t\t\t\t\t\t\t\t\t<img loading=\"lazy\" decoding=\"async\" width=\"977\" height=\"402\" src=\"https:\/\/uniquedomains.shop\/wp-content\/uploads\/2026\/03\/202601112107032104786984.jpg\" class=\"attachment-full size-full wp-image-14438 wvs-archive-product-image\" alt=\"\" srcset=\"https:\/\/uniquedomains.shop\/wp-content\/uploads\/2026\/03\/202601112107032104786984.jpg 977w, https:\/\/uniquedomains.shop\/wp-content\/uploads\/2026\/03\/202601112107032104786984-300x123.jpg 300w, https:\/\/uniquedomains.shop\/wp-content\/uploads\/2026\/03\/202601112107032104786984-768x316.jpg 768w, https:\/\/uniquedomains.shop\/wp-content\/uploads\/2026\/03\/202601112107032104786984-18x7.jpg 18w, https:\/\/uniquedomains.shop\/wp-content\/uploads\/2026\/03\/202601112107032104786984-600x247.jpg 600w, https:\/\/uniquedomains.shop\/wp-content\/uploads\/2026\/03\/202601112107032104786984-1x1.jpg 1w, https:\/\/uniquedomains.shop\/wp-content\/uploads\/2026\/03\/202601112107032104786984-10x4.jpg 10w\" sizes=\"auto, (max-width: 977px) 100vw, 977px\" \/>\t\t\t\t\t\t\t\t\t\t\t\t\t\t\t<\/div>\n\t\t\t\t<\/div>\n\t\t\t\t<div class=\"elementor-element elementor-element-e28087d elementor-widget elementor-widget-text-editor\" data-id=\"e28087d\" data-element_type=\"widget\" data-settings=\"{&quot;ekit_we_effect_on&quot;:&quot;none&quot;}\" data-widget_type=\"text-editor.default\">\n\t\t\t\t<div class=\"elementor-widget-container\">\n\t\t\t\t\t\t\t\t\t<!DOCTYPE html>\n<html lang=\"en\">\n<head>\n    <meta charset=\"UTF-8\">\n    <meta name=\"viewport\" content=\"width=device-width, initial-scale=1.0\">\n    <title>Hair Trimmer &#038; Clipper Specifications<\/title>\n    <style>\n        * {\n            margin: 0;\n            padding: 0;\n            box-sizing: border-box;\n            font-family: -apple-system, BlinkMacSystemFont, 'Segoe UI', Roboto, Oxygen, Ubuntu, sans-serif;\n        }\n        \n        body {\n            background-color: #f8fafc;\n            min-height: 100vh;\n        }\n        \n        .specs-container {\n            width: 100%;\n            background: white;\n        }\n        \n        .specs-grid {\n            display: grid;\n            grid-template-columns: 1fr;\n        }\n        \n        .spec-item {\n            display: flex;\n            min-height: 60px;\n            border-bottom: 1px solid #e2e8f0;\n            transition: background-color 0.2s ease;\n        }\n        \n        .spec-item:hover {\n            background-color: #f8fafc;\n        }\n        \n        .spec-label {\n            width: 40%;\n            padding: 18px 24px;\n            background-color: #f1f5f9;\n            font-weight: 600;\n            color: #334155;\n            display: flex;\n            align-items: center;\n            border-right: 1px solid #e2e8f0;\n        }\n        \n        .spec-value {\n            width: 60%;\n            padding: 18px 24px;\n            color: #475569;\n            display: flex;\n            align-items: center;\n            flex-wrap: wrap;\n        }\n        \n        \/* \u7279\u6b8a\u503c\u6837\u5f0f *\/\n        .badge {\n            display: inline-flex;\n            align-items: center;\n            padding: 6px 14px;\n            border-radius: 20px;\n            font-weight: 500;\n            font-size: 14px;\n            margin: 2px 4px;\n        }\n        \n        .type-badge {\n            background: linear-gradient(135deg, #3b82f6, #2563eb);\n            color: white;\n        }\n        \n        .feature-badge {\n            background: linear-gradient(135deg, #10b981, #059669);\n            color: white;\n        }\n        \n        .power-badge {\n            background: linear-gradient(135deg, #f59e0b, #d97706);\n            color: white;\n        }\n        \n        .multifunction-badge {\n            background: linear-gradient(135deg, #8b5cf6, #7c3aed);\n            color: white;\n        }\n        \n        .included-badge {\n            background: linear-gradient(135deg, #ec4899, #db2777);\n            color: white;\n        }\n        \n        .use-badge {\n            background: linear-gradient(135deg, #0ea5e9, #0284c7);\n            color: white;\n        }\n        \n        .battery-badge {\n            background: linear-gradient(135deg, #84cc16, #65a30d);\n            color: white;\n        }\n        \n        .warranty-badge {\n            background: linear-gradient(135deg, #ef4444, #dc2626);\n            color: white;\n        }\n        \n        .gender-badge {\n            background: linear-gradient(135deg, #6366f1, #4f46e5);\n            color: white;\n        }\n        \n        .packaging-badge {\n            background: linear-gradient(135deg, #f97316, #ea580c);\n            color: white;\n        }\n        \n        .items-container {\n            display: flex;\n            flex-wrap: wrap;\n            gap: 8px;\n        }\n        \n        .item-badge {\n            display: inline-flex;\n            align-items: center;\n            padding: 6px 12px;\n            border-radius: 20px;\n            font-weight: 500;\n            font-size: 13px;\n            margin: 2px 4px;\n            background: linear-gradient(135deg, #a855f7, #9333ea);\n            color: white;\n        }\n        \n        \/* \u54cd\u5e94\u5f0f\u8bbe\u8ba1 *\/\n        @media (max-width: 768px) {\n            .spec-item {\n                flex-direction: column;\n            }\n            \n            .spec-label, .spec-value {\n                width: 100%;\n                padding: 14px 20px;\n            }\n            \n            .spec-label {\n                border-right: none;\n                border-bottom: 1px solid #e2e8f0;\n            }\n        }\n        \n        @media (max-width: 480px) {\n            .spec-label, .spec-value {\n                padding: 12px 16px;\n            }\n            \n            .badge {\n                padding: 5px 12px;\n                font-size: 13px;\n            }\n            \n            .item-badge {\n                padding: 4px 10px;\n                font-size: 12px;\n            }\n        }\n    <\/style>\n<\/head>\n<body>\n    <div class=\"specs-container\">\n        <div class=\"specs-grid\">\n            <div class=\"spec-item\">\n                <div class=\"spec-label\">Haartrimmer &amp; Haarschneider Typ<\/div>\n                <div class=\"spec-value\">\n                    <span class=\"badge type-badge\">Haarschneider<\/span>\n                <\/div>\n            <\/div>\n            \n            <div class=\"spec-item\">\n                <div class=\"spec-label\">Eigenschaften<\/div>\n                <div class=\"spec-value\">\n                    <span class=\"badge feature-badge\">Wiederaufladbar<\/span>\n                <\/div>\n            <\/div>\n            \n            <div class=\"spec-item\">\n                <div class=\"spec-label\">Leistungstyp<\/div>\n                <div class=\"spec-value\">\n                    <span class=\"badge power-badge\">Batterie<\/span>\n                <\/div>\n            <\/div>\n            \n            <div class=\"spec-item\">\n                <div class=\"spec-label\">Produkt-Multifunktionsdeskriptor<\/div>\n                <div class=\"spec-value\">\n                    <span class=\"badge multifunction-badge\">2-in-1<\/span>\n                <\/div>\n            <\/div>\n            \n            <div class=\"spec-item\">\n                <div class=\"spec-label\">Enthaltene Artikel<\/div>\n                <div class=\"spec-value\">\n                    <div class=\"items-container\">\n                        <span class=\"item-badge\">Wiederaufladbarer Haartrimmer<\/span>\n                        <span class=\"item-badge\">Rasierapparat<\/span>\n                        <span class=\"item-badge\">Zubeh\u00f6r<\/span>\n                    <\/div>\n                <\/div>\n            <\/div>\n            \n            <div class=\"spec-item\">\n                <div class=\"spec-label\">Empfohlene Verwendung<\/div>\n                <div class=\"spec-value\">\n                    <span class=\"badge use-badge\">Zu Hause<\/span>\n                <\/div>\n            <\/div>\n            \n            <div class=\"spec-item\">\n                <div class=\"spec-label\">Batterien<\/div>\n                <div class=\"spec-value\">\n                    <span class=\"badge battery-badge\">1<\/span>\n                <\/div>\n            <\/div>\n            \n            <div class=\"spec-item\">\n                <div class=\"spec-label\">Hat eine schriftliche Garantie<\/div>\n                <div class=\"spec-value\">\n                    <span class=\"badge warranty-badge\">Nein<\/span>\n                <\/div>\n            <\/div>\n            \n            <div class=\"spec-item\">\n                <div class=\"spec-label\">Geschlecht<\/div>\n                <div class=\"spec-value\">\n                    <span class=\"badge gender-badge\">M\u00e4nnlich<\/span>\n                <\/div>\n            <\/div>\n            \n            <div class=\"spec-item\">\n                <div class=\"spec-label\">Einzelhandelsverpackungen<\/div>\n                <div class=\"spec-value\">\n                    <span class=\"badge packaging-badge\">Setzen Sie<\/span>\n                <\/div>\n            <\/div>\n        <\/div>\n    <\/div>\n<\/body>\n<\/html>\t\t\t\t\t\t\t\t<\/div>\n\t\t\t\t<\/div>\n\t\t\t\t\t<\/div>\n\t\t\t\t<\/div>\n\t\t\t\t<\/div>","protected":false},"excerpt":{"rendered":"<p>Stylish And Versatile: These barber clippers are equipped with adjustable blades that enable precise blending and the creation of sharp,&#8230;<\/p>","protected":false},"featured_media":14417,"comment_status":"open","ping_status":"closed","template":"","meta":{"_acf_changed":false},"etheme_brands":[],"product_brand":[],"product_cat":[118],"product_tag":[],"class_list":{"0":"post-14416","1":"product","2":"type-product","3":"status-publish","4":"has-post-thumbnail","6":"product_cat-sale-shop","8":"first","9":"instock","10":"sale","11":"shipping-taxable","12":"purchasable","13":"product-type-simple"},"acf":[],"_links":{"self":[{"href":"https:\/\/uniquedomains.shop\/de\/wp-json\/wp\/v2\/product\/14416","targetHints":{"allow":["GET"]}}],"collection":[{"href":"https:\/\/uniquedomains.shop\/de\/wp-json\/wp\/v2\/product"}],"about":[{"href":"https:\/\/uniquedomains.shop\/de\/wp-json\/wp\/v2\/types\/product"}],"replies":[{"embeddable":true,"href":"https:\/\/uniquedomains.shop\/de\/wp-json\/wp\/v2\/comments?post=14416"}],"version-history":[{"count":4,"href":"https:\/\/uniquedomains.shop\/de\/wp-json\/wp\/v2\/product\/14416\/revisions"}],"predecessor-version":[{"id":14446,"href":"https:\/\/uniquedomains.shop\/de\/wp-json\/wp\/v2\/product\/14416\/revisions\/14446"}],"wp:featuredmedia":[{"embeddable":true,"href":"https:\/\/uniquedomains.shop\/de\/wp-json\/wp\/v2\/media\/14417"}],"wp:attachment":[{"href":"https:\/\/uniquedomains.shop\/de\/wp-json\/wp\/v2\/media?parent=14416"}],"wp:term":[{"taxonomy":"brand","embeddable":true,"href":"https:\/\/uniquedomains.shop\/de\/wp-json\/wp\/v2\/etheme_brands?post=14416"},{"taxonomy":"product_brand","embeddable":true,"href":"https:\/\/uniquedomains.shop\/de\/wp-json\/wp\/v2\/product_brand?post=14416"},{"taxonomy":"product_cat","embeddable":true,"href":"https:\/\/uniquedomains.shop\/de\/wp-json\/wp\/v2\/product_cat?post=14416"},{"taxonomy":"product_tag","embeddable":true,"href":"https:\/\/uniquedomains.shop\/de\/wp-json\/wp\/v2\/product_tag?post=14416"}],"curies":[{"name":"wp","href":"https:\/\/api.w.org\/{rel}","templated":true}]}}